{"id":13613,"date":"2026-03-14T08:42:12","date_gmt":"2026-03-14T08:42:12","guid":{"rendered":"https:\/\/unforgettableservices.shop\/?post_type=product&#038;p=13613"},"modified":"2026-04-14T05:11:38","modified_gmt":"2026-04-14T05:11:38","slug":"pritom-10-1-android-15-tablet-8-core-64gb-with-keyboard-mouse-case-stylus","status":"publish","type":"product","link":"https:\/\/unforgettableservices.shop\/es\/producto\/pritom-10-1-android-15-tablet-8-core-64gb-with-keyboard-mouse-case-stylus\/","title":{"rendered":"PRITOM 10.1\u2033 Android 15 Tablet - 8-Core, 64GB con teclado, rat\u00f3n, funda y l\u00e1piz \u00f3ptico."},"content":{"rendered":"<p><div style=\"width: 640px;\" class=\"wp-video\"><video class=\"wp-video-shortcode\" id=\"video-13613-1\" width=\"640\" height=\"360\" preload=\"metadata\" controls=\"controls\"><source type=\"video\/mp4\" src=\"https:\/\/unforgettableservices.shop\/wp-content\/uploads\/2026\/03\/video_2026-03-04_10-05-09.mp4?_=1\" \/><a href=\"https:\/\/unforgettableservices.shop\/wp-content\/uploads\/2026\/03\/video_2026-03-04_10-05-09.mp4\">https:\/\/unforgettableservices.shop\/wp-content\/uploads\/2026\/03\/video_2026-03-04_10-05-09.mp4<\/a><\/video><\/div><br \/>\n<img loading=\"lazy\" decoding=\"async\" src=\"https:\/\/unforgettableservices.shop\/wp-content\/uploads\/2026\/03\/1a515ed5-7603-462b-9644-24d1e7b9f8bc.__CR001464600_PT0_SX1464_V1___.jpg\" sizes=\"auto, (max-width: 1464px) 100vw, 1464px\" srcset=\"https:\/\/unforgettableservices.shop\/wp-content\/uploads\/2026\/03\/1a515ed5-7603-462b-9644-24d1e7b9f8bc.__CR001464600_PT0_SX1464_V1___.jpg 1464w, https:\/\/unforgettableservices.shop\/wp-content\/uploads\/2026\/03\/1a515ed5-7603-462b-9644-24d1e7b9f8bc.__CR001464600_PT0_SX1464_V1___-300x123.jpg 300w, https:\/\/unforgettableservices.shop\/wp-content\/uploads\/2026\/03\/1a515ed5-7603-462b-9644-24d1e7b9f8bc.__CR001464600_PT0_SX1464_V1___-1024x420.jpg 1024w, https:\/\/unforgettableservices.shop\/wp-content\/uploads\/2026\/03\/1a515ed5-7603-462b-9644-24d1e7b9f8bc.__CR001464600_PT0_SX1464_V1___-768x315.jpg 768w, https:\/\/unforgettableservices.shop\/wp-content\/uploads\/2026\/03\/1a515ed5-7603-462b-9644-24d1e7b9f8bc.__CR001464600_PT0_SX1464_V1___-18x7.jpg 18w, https:\/\/unforgettableservices.shop\/wp-content\/uploads\/2026\/03\/1a515ed5-7603-462b-9644-24d1e7b9f8bc.__CR001464600_PT0_SX1464_V1___-600x246.jpg 600w, https:\/\/unforgettableservices.shop\/wp-content\/uploads\/2026\/03\/1a515ed5-7603-462b-9644-24d1e7b9f8bc.__CR001464600_PT0_SX1464_V1___-1x1.jpg 1w, https:\/\/unforgettableservices.shop\/wp-content\/uploads\/2026\/03\/1a515ed5-7603-462b-9644-24d1e7b9f8bc.__CR001464600_PT0_SX1464_V1___-10x4.jpg 10w\" alt=\"\" width=\"1464\" height=\"600\" \/><br \/>\n<img loading=\"lazy\" decoding=\"async\" src=\"https:\/\/unforgettableservices.shop\/wp-content\/uploads\/2026\/03\/62e66d9c-1591-4a75-a4f8-f0bc599ac849.__CR001464600_PT0_SX1464_V1___.jpg\" sizes=\"auto, (max-width: 1464px) 100vw, 1464px\" srcset=\"https:\/\/unforgettableservices.shop\/wp-content\/uploads\/2026\/03\/62e66d9c-1591-4a75-a4f8-f0bc599ac849.__CR001464600_PT0_SX1464_V1___.jpg 1464w, https:\/\/unforgettableservices.shop\/wp-content\/uploads\/2026\/03\/62e66d9c-1591-4a75-a4f8-f0bc599ac849.__CR001464600_PT0_SX1464_V1___-300x123.jpg 300w, https:\/\/unforgettableservices.shop\/wp-content\/uploads\/2026\/03\/62e66d9c-1591-4a75-a4f8-f0bc599ac849.__CR001464600_PT0_SX1464_V1___-1024x420.jpg 1024w, https:\/\/unforgettableservices.shop\/wp-content\/uploads\/2026\/03\/62e66d9c-1591-4a75-a4f8-f0bc599ac849.__CR001464600_PT0_SX1464_V1___-768x315.jpg 768w, https:\/\/unforgettableservices.shop\/wp-content\/uploads\/2026\/03\/62e66d9c-1591-4a75-a4f8-f0bc599ac849.__CR001464600_PT0_SX1464_V1___-18x7.jpg 18w, https:\/\/unforgettableservices.shop\/wp-content\/uploads\/2026\/03\/62e66d9c-1591-4a75-a4f8-f0bc599ac849.__CR001464600_PT0_SX1464_V1___-600x246.jpg 600w, https:\/\/unforgettableservices.shop\/wp-content\/uploads\/2026\/03\/62e66d9c-1591-4a75-a4f8-f0bc599ac849.__CR001464600_PT0_SX1464_V1___-1x1.jpg 1w, https:\/\/unforgettableservices.shop\/wp-content\/uploads\/2026\/03\/62e66d9c-1591-4a75-a4f8-f0bc599ac849.__CR001464600_PT0_SX1464_V1___-10x4.jpg 10w\" alt=\"\" width=\"1464\" height=\"600\" \/><br \/>\n<img loading=\"lazy\" decoding=\"async\" src=\"https:\/\/unforgettableservices.shop\/wp-content\/uploads\/2026\/03\/491e40d3-ec83-4130-9b2b-21700bc4e9c9.__CR001464600_PT0_SX1464_V1___.jpg\" sizes=\"auto, (max-width: 1464px) 100vw, 1464px\" srcset=\"https:\/\/unforgettableservices.shop\/wp-content\/uploads\/2026\/03\/491e40d3-ec83-4130-9b2b-21700bc4e9c9.__CR001464600_PT0_SX1464_V1___.jpg 1464w, https:\/\/unforgettableservices.shop\/wp-content\/uploads\/2026\/03\/491e40d3-ec83-4130-9b2b-21700bc4e9c9.__CR001464600_PT0_SX1464_V1___-300x123.jpg 300w, https:\/\/unforgettableservices.shop\/wp-content\/uploads\/2026\/03\/491e40d3-ec83-4130-9b2b-21700bc4e9c9.__CR001464600_PT0_SX1464_V1___-1024x420.jpg 1024w, https:\/\/unforgettableservices.shop\/wp-content\/uploads\/2026\/03\/491e40d3-ec83-4130-9b2b-21700bc4e9c9.__CR001464600_PT0_SX1464_V1___-768x315.jpg 768w, https:\/\/unforgettableservices.shop\/wp-content\/uploads\/2026\/03\/491e40d3-ec83-4130-9b2b-21700bc4e9c9.__CR001464600_PT0_SX1464_V1___-18x7.jpg 18w, https:\/\/unforgettableservices.shop\/wp-content\/uploads\/2026\/03\/491e40d3-ec83-4130-9b2b-21700bc4e9c9.__CR001464600_PT0_SX1464_V1___-600x246.jpg 600w, https:\/\/unforgettableservices.shop\/wp-content\/uploads\/2026\/03\/491e40d3-ec83-4130-9b2b-21700bc4e9c9.__CR001464600_PT0_SX1464_V1___-1x1.jpg 1w, https:\/\/unforgettableservices.shop\/wp-content\/uploads\/2026\/03\/491e40d3-ec83-4130-9b2b-21700bc4e9c9.__CR001464600_PT0_SX1464_V1___-10x4.jpg 10w\" alt=\"\" width=\"1464\" height=\"600\" \/><br \/>\n<img loading=\"lazy\" decoding=\"async\" src=\"https:\/\/unforgettableservices.shop\/wp-content\/uploads\/2026\/03\/b9a0496b-58b2-4c18-9a3c-74110818b016.__CR001464600_PT0_SX1464_V1___.jpg\" sizes=\"auto, (max-width: 1464px) 100vw, 1464px\" srcset=\"https:\/\/unforgettableservices.shop\/wp-content\/uploads\/2026\/03\/b9a0496b-58b2-4c18-9a3c-74110818b016.__CR001464600_PT0_SX1464_V1___.jpg 1464w, https:\/\/unforgettableservices.shop\/wp-content\/uploads\/2026\/03\/b9a0496b-58b2-4c18-9a3c-74110818b016.__CR001464600_PT0_SX1464_V1___-300x123.jpg 300w, https:\/\/unforgettableservices.shop\/wp-content\/uploads\/2026\/03\/b9a0496b-58b2-4c18-9a3c-74110818b016.__CR001464600_PT0_SX1464_V1___-1024x420.jpg 1024w, https:\/\/unforgettableservices.shop\/wp-content\/uploads\/2026\/03\/b9a0496b-58b2-4c18-9a3c-74110818b016.__CR001464600_PT0_SX1464_V1___-768x315.jpg 768w, https:\/\/unforgettableservices.shop\/wp-content\/uploads\/2026\/03\/b9a0496b-58b2-4c18-9a3c-74110818b016.__CR001464600_PT0_SX1464_V1___-18x7.jpg 18w, https:\/\/unforgettableservices.shop\/wp-content\/uploads\/2026\/03\/b9a0496b-58b2-4c18-9a3c-74110818b016.__CR001464600_PT0_SX1464_V1___-600x246.jpg 600w, https:\/\/unforgettableservices.shop\/wp-content\/uploads\/2026\/03\/b9a0496b-58b2-4c18-9a3c-74110818b016.__CR001464600_PT0_SX1464_V1___-1x1.jpg 1w, https:\/\/unforgettableservices.shop\/wp-content\/uploads\/2026\/03\/b9a0496b-58b2-4c18-9a3c-74110818b016.__CR001464600_PT0_SX1464_V1___-10x4.jpg 10w\" alt=\"\" width=\"1464\" height=\"600\" \/><br \/>\n<img loading=\"lazy\" decoding=\"async\" src=\"https:\/\/unforgettableservices.shop\/wp-content\/uploads\/2026\/03\/df795660-2554-443d-b9a0-12bf8acba24c.__CR001464600_PT0_SX1464_V1___.jpg\" sizes=\"auto, (max-width: 1464px) 100vw, 1464px\" srcset=\"https:\/\/unforgettableservices.shop\/wp-content\/uploads\/2026\/03\/df795660-2554-443d-b9a0-12bf8acba24c.__CR001464600_PT0_SX1464_V1___.jpg 1464w, https:\/\/unforgettableservices.shop\/wp-content\/uploads\/2026\/03\/df795660-2554-443d-b9a0-12bf8acba24c.__CR001464600_PT0_SX1464_V1___-300x123.jpg 300w, https:\/\/unforgettableservices.shop\/wp-content\/uploads\/2026\/03\/df795660-2554-443d-b9a0-12bf8acba24c.__CR001464600_PT0_SX1464_V1___-1024x420.jpg 1024w, https:\/\/unforgettableservices.shop\/wp-content\/uploads\/2026\/03\/df795660-2554-443d-b9a0-12bf8acba24c.__CR001464600_PT0_SX1464_V1___-768x315.jpg 768w, https:\/\/unforgettableservices.shop\/wp-content\/uploads\/2026\/03\/df795660-2554-443d-b9a0-12bf8acba24c.__CR001464600_PT0_SX1464_V1___-18x7.jpg 18w, https:\/\/unforgettableservices.shop\/wp-content\/uploads\/2026\/03\/df795660-2554-443d-b9a0-12bf8acba24c.__CR001464600_PT0_SX1464_V1___-600x246.jpg 600w, https:\/\/unforgettableservices.shop\/wp-content\/uploads\/2026\/03\/df795660-2554-443d-b9a0-12bf8acba24c.__CR001464600_PT0_SX1464_V1___-1x1.jpg 1w, https:\/\/unforgettableservices.shop\/wp-content\/uploads\/2026\/03\/df795660-2554-443d-b9a0-12bf8acba24c.__CR001464600_PT0_SX1464_V1___-10x4.jpg 10w\" alt=\"\" width=\"1464\" height=\"600\" \/><br \/>\n<img loading=\"lazy\" decoding=\"async\" src=\"https:\/\/unforgettableservices.shop\/wp-content\/uploads\/2026\/03\/979ef04b-736b-4226-8f54-f0adc4f1e0c2.__CR001464600_PT0_SX1464_V1___.jpg\" sizes=\"auto, (max-width: 1464px) 100vw, 1464px\" srcset=\"https:\/\/unforgettableservices.shop\/wp-content\/uploads\/2026\/03\/979ef04b-736b-4226-8f54-f0adc4f1e0c2.__CR001464600_PT0_SX1464_V1___.jpg 1464w, https:\/\/unforgettableservices.shop\/wp-content\/uploads\/2026\/03\/979ef04b-736b-4226-8f54-f0adc4f1e0c2.__CR001464600_PT0_SX1464_V1___-300x123.jpg 300w, https:\/\/unforgettableservices.shop\/wp-content\/uploads\/2026\/03\/979ef04b-736b-4226-8f54-f0adc4f1e0c2.__CR001464600_PT0_SX1464_V1___-1024x420.jpg 1024w, https:\/\/unforgettableservices.shop\/wp-content\/uploads\/2026\/03\/979ef04b-736b-4226-8f54-f0adc4f1e0c2.__CR001464600_PT0_SX1464_V1___-768x315.jpg 768w, https:\/\/unforgettableservices.shop\/wp-content\/uploads\/2026\/03\/979ef04b-736b-4226-8f54-f0adc4f1e0c2.__CR001464600_PT0_SX1464_V1___-18x7.jpg 18w, https:\/\/unforgettableservices.shop\/wp-content\/uploads\/2026\/03\/979ef04b-736b-4226-8f54-f0adc4f1e0c2.__CR001464600_PT0_SX1464_V1___-600x246.jpg 600w, https:\/\/unforgettableservices.shop\/wp-content\/uploads\/2026\/03\/979ef04b-736b-4226-8f54-f0adc4f1e0c2.__CR001464600_PT0_SX1464_V1___-1x1.jpg 1w, https:\/\/unforgettableservices.shop\/wp-content\/uploads\/2026\/03\/979ef04b-736b-4226-8f54-f0adc4f1e0c2.__CR001464600_PT0_SX1464_V1___-10x4.jpg 10w\" alt=\"\" width=\"1464\" height=\"600\" \/><br \/>\n<img loading=\"lazy\" decoding=\"async\" src=\"https:\/\/unforgettableservices.shop\/wp-content\/uploads\/2026\/03\/45ca9418-65f8-4605-bc49-27e157cbc45a.__CR001464600_PT0_SX1464_V1___.jpg\" sizes=\"auto, (max-width: 1464px) 100vw, 1464px\" srcset=\"https:\/\/unforgettableservices.shop\/wp-content\/uploads\/2026\/03\/45ca9418-65f8-4605-bc49-27e157cbc45a.__CR001464600_PT0_SX1464_V1___.jpg 1464w, https:\/\/unforgettableservices.shop\/wp-content\/uploads\/2026\/03\/45ca9418-65f8-4605-bc49-27e157cbc45a.__CR001464600_PT0_SX1464_V1___-300x123.jpg 300w, https:\/\/unforgettableservices.shop\/wp-content\/uploads\/2026\/03\/45ca9418-65f8-4605-bc49-27e157cbc45a.__CR001464600_PT0_SX1464_V1___-1024x420.jpg 1024w, https:\/\/unforgettableservices.shop\/wp-content\/uploads\/2026\/03\/45ca9418-65f8-4605-bc49-27e157cbc45a.__CR001464600_PT0_SX1464_V1___-768x315.jpg 768w, https:\/\/unforgettableservices.shop\/wp-content\/uploads\/2026\/03\/45ca9418-65f8-4605-bc49-27e157cbc45a.__CR001464600_PT0_SX1464_V1___-18x7.jpg 18w, https:\/\/unforgettableservices.shop\/wp-content\/uploads\/2026\/03\/45ca9418-65f8-4605-bc49-27e157cbc45a.__CR001464600_PT0_SX1464_V1___-600x246.jpg 600w, https:\/\/unforgettableservices.shop\/wp-content\/uploads\/2026\/03\/45ca9418-65f8-4605-bc49-27e157cbc45a.__CR001464600_PT0_SX1464_V1___-1x1.jpg 1w, https:\/\/unforgettableservices.shop\/wp-content\/uploads\/2026\/03\/45ca9418-65f8-4605-bc49-27e157cbc45a.__CR001464600_PT0_SX1464_V1___-10x4.jpg 10w\" alt=\"\" width=\"1464\" height=\"600\" \/><br \/>\n<img loading=\"lazy\" decoding=\"async\" src=\"https:\/\/unforgettableservices.shop\/wp-content\/uploads\/2026\/03\/4443b719-0475-4299-a9cb-53dd1a352067.__CR001464600_PT0_SX1464_V1___.jpg\" sizes=\"auto, (max-width: 1464px) 100vw, 1464px\" srcset=\"https:\/\/unforgettableservices.shop\/wp-content\/uploads\/2026\/03\/4443b719-0475-4299-a9cb-53dd1a352067.__CR001464600_PT0_SX1464_V1___.jpg 1464w, https:\/\/unforgettableservices.shop\/wp-content\/uploads\/2026\/03\/4443b719-0475-4299-a9cb-53dd1a352067.__CR001464600_PT0_SX1464_V1___-300x123.jpg 300w, https:\/\/unforgettableservices.shop\/wp-content\/uploads\/2026\/03\/4443b719-0475-4299-a9cb-53dd1a352067.__CR001464600_PT0_SX1464_V1___-1024x420.jpg 1024w, https:\/\/unforgettableservices.shop\/wp-content\/uploads\/2026\/03\/4443b719-0475-4299-a9cb-53dd1a352067.__CR001464600_PT0_SX1464_V1___-768x315.jpg 768w, https:\/\/unforgettableservices.shop\/wp-content\/uploads\/2026\/03\/4443b719-0475-4299-a9cb-53dd1a352067.__CR001464600_PT0_SX1464_V1___-18x7.jpg 18w, https:\/\/unforgettableservices.shop\/wp-content\/uploads\/2026\/03\/4443b719-0475-4299-a9cb-53dd1a352067.__CR001464600_PT0_SX1464_V1___-600x246.jpg 600w, https:\/\/unforgettableservices.shop\/wp-content\/uploads\/2026\/03\/4443b719-0475-4299-a9cb-53dd1a352067.__CR001464600_PT0_SX1464_V1___-1x1.jpg 1w, https:\/\/unforgettableservices.shop\/wp-content\/uploads\/2026\/03\/4443b719-0475-4299-a9cb-53dd1a352067.__CR001464600_PT0_SX1464_V1___-10x4.jpg 10w\" alt=\"\" width=\"1464\" height=\"600\" \/><br \/>\n<img loading=\"lazy\" decoding=\"async\" src=\"https:\/\/unforgettableservices.shop\/wp-content\/uploads\/2026\/03\/604b7a44-616f-48b0-be58-04ac2d88c071.__CR001464600_PT0_SX1464_V1___.jpg\" sizes=\"auto, (max-width: 1464px) 100vw, 1464px\" srcset=\"https:\/\/unforgettableservices.shop\/wp-content\/uploads\/2026\/03\/604b7a44-616f-48b0-be58-04ac2d88c071.__CR001464600_PT0_SX1464_V1___.jpg 1464w, https:\/\/unforgettableservices.shop\/wp-content\/uploads\/2026\/03\/604b7a44-616f-48b0-be58-04ac2d88c071.__CR001464600_PT0_SX1464_V1___-300x123.jpg 300w, https:\/\/unforgettableservices.shop\/wp-content\/uploads\/2026\/03\/604b7a44-616f-48b0-be58-04ac2d88c071.__CR001464600_PT0_SX1464_V1___-1024x420.jpg 1024w, https:\/\/unforgettableservices.shop\/wp-content\/uploads\/2026\/03\/604b7a44-616f-48b0-be58-04ac2d88c071.__CR001464600_PT0_SX1464_V1___-768x315.jpg 768w, https:\/\/unforgettableservices.shop\/wp-content\/uploads\/2026\/03\/604b7a44-616f-48b0-be58-04ac2d88c071.__CR001464600_PT0_SX1464_V1___-18x7.jpg 18w, https:\/\/unforgettableservices.shop\/wp-content\/uploads\/2026\/03\/604b7a44-616f-48b0-be58-04ac2d88c071.__CR001464600_PT0_SX1464_V1___-600x246.jpg 600w, https:\/\/unforgettableservices.shop\/wp-content\/uploads\/2026\/03\/604b7a44-616f-48b0-be58-04ac2d88c071.__CR001464600_PT0_SX1464_V1___-1x1.jpg 1w, https:\/\/unforgettableservices.shop\/wp-content\/uploads\/2026\/03\/604b7a44-616f-48b0-be58-04ac2d88c071.__CR001464600_PT0_SX1464_V1___-10x4.jpg 10w\" alt=\"\" width=\"1464\" height=\"600\" \/><br \/>\n<img loading=\"lazy\" decoding=\"async\" src=\"https:\/\/unforgettableservices.shop\/wp-content\/uploads\/2026\/03\/9df59598-972a-46d9-8bb8-0153cc92b8f3.__CR001464600_PT0_SX1464_V1___-1.jpg\" sizes=\"auto, (max-width: 1464px) 100vw, 1464px\" srcset=\"https:\/\/unforgettableservices.shop\/wp-content\/uploads\/2026\/03\/9df59598-972a-46d9-8bb8-0153cc92b8f3.__CR001464600_PT0_SX1464_V1___-1.jpg 1464w, https:\/\/unforgettableservices.shop\/wp-content\/uploads\/2026\/03\/9df59598-972a-46d9-8bb8-0153cc92b8f3.__CR001464600_PT0_SX1464_V1___-1-300x123.jpg 300w, https:\/\/unforgettableservices.shop\/wp-content\/uploads\/2026\/03\/9df59598-972a-46d9-8bb8-0153cc92b8f3.__CR001464600_PT0_SX1464_V1___-1-1024x420.jpg 1024w, https:\/\/unforgettableservices.shop\/wp-content\/uploads\/2026\/03\/9df59598-972a-46d9-8bb8-0153cc92b8f3.__CR001464600_PT0_SX1464_V1___-1-768x315.jpg 768w, https:\/\/unforgettableservices.shop\/wp-content\/uploads\/2026\/03\/9df59598-972a-46d9-8bb8-0153cc92b8f3.__CR001464600_PT0_SX1464_V1___-1-18x7.jpg 18w, https:\/\/unforgettableservices.shop\/wp-content\/uploads\/2026\/03\/9df59598-972a-46d9-8bb8-0153cc92b8f3.__CR001464600_PT0_SX1464_V1___-1-600x246.jpg 600w, https:\/\/unforgettableservices.shop\/wp-content\/uploads\/2026\/03\/9df59598-972a-46d9-8bb8-0153cc92b8f3.__CR001464600_PT0_SX1464_V1___-1-1x1.jpg 1w, https:\/\/unforgettableservices.shop\/wp-content\/uploads\/2026\/03\/9df59598-972a-46d9-8bb8-0153cc92b8f3.__CR001464600_PT0_SX1464_V1___-1-10x4.jpg 10w\" alt=\"\" width=\"1464\" height=\"600\" \/><\/p>\n<style>\n\/* \u5168\u5c40\u91cd\u7f6e\uff1a\u6d88\u9664\u9ed8\u8ba4\u6837\u5f0f\u5e72\u6270 *\/<br \/>\n*{margin:0;padding:0;box-sizing:border-box}<br \/>\n\/* \u79fb\u9664\u9875\u9762\u5e95\u8272\uff1a\u6539\u4e3a\u7eaf\u900f\u660e *\/<br \/>\nbody{<br \/>\n    background:transparent; \/* \u5b8c\u5168\u79fb\u9664\u9875\u9762\u5e95\u8272 *\/<br \/>\n    padding:20px 0;<br \/>\n    \/* \u4f18\u5316\u5b57\u4f53\uff1a\u9002\u914d\u957f\u6280\u672f\u53c2\u6570\uff0c\u63d0\u5347\u8d28\u611f *\/<br \/>\n    font-family: 'Inter', 'Segoe UI', system-ui, -apple-system, BlinkMacSystemFont, sans-serif;<br \/>\n    font-synthesis: none;<br \/>\n    text-rendering: optimizeLegibility;<br \/>\n    -webkit-font-smoothing: antialiased;<br \/>\n}<br \/>\n\/* \u5916\u5c42\u5bb9\u5668\uff1a\u7eaf\u900f\u660e+\u7cbe\u81f4\u5706\u89d2\uff08\u65e0\u9634\u5f71\uff09 *\/<br \/>\n.spec-container{<br \/>\n    width:99.5%; \/* \u6781\u81f4\u52a0\u5bbd\uff0c\u4ec5\u75590.5%\u7559\u767d *\/<br \/>\n    max-width:none;<br \/>\n    margin:0 auto;<br \/>\n    background:transparent; \/* \u7eaf\u900f\u660e\u5e95\u7eb9 *\/<br \/>\n    border-radius:16px; \/* \u66f4\u5927\u66f4\u5706\u6da6\u7684\u5706\u89d2\uff0c\u63d0\u5347\u7cbe\u81f4\u611f *\/<br \/>\n    padding:4px; \/* \u7ec6\u5fae\u5185\u8fb9\u8ddd\uff0c\u907f\u514d\u5706\u89d2\u88c1\u526a *\/<br \/>\n    overflow:hidden;<br \/>\n    \/* \u5b8c\u5168\u79fb\u9664\u6240\u6709\u9634\u5f71\u6837\u5f0f *\/<br \/>\n}<br \/>\n\/* \u6838\u5fc3\u8868\u683c\uff1a\u6ee1\u5bbd+\u7ec6\u817b\u6392\u7248+\u4e24\u5217\u9002\u914d\u957f\u53c2\u6570 *\/<br \/>\n.spec-table{<br \/>\n    width:100%;<br \/>\n    border-collapse:collapse;<br \/>\n    font-size:14px;<br \/>\n    color:#333;<br \/>\n    line-height:1.8; \/* \u4f18\u5316\u884c\u9ad8\uff0c\u9002\u914d\u957f\u53c2\u6570\u6362\u884c *\/<br \/>\n    letter-spacing:0.1px; \/* \u6781\u7ec6\u5fae\u5b57\u8ddd\uff0c\u63d0\u5347\u7cbe\u81f4\u5ea6 *\/<br \/>\n}<br \/>\n\/* \u6807\u9898\u884c\uff1a\u65e0\u5e95\u8272+\u52a0\u7c97+\u95f4\u8ddd\u4f18\u5316+\u7cbe\u81f4\u4e0b\u5212\u7ebf *\/<br \/>\n.spec-table .title td{<br \/>\n    background:transparent; \/* \u786e\u4fdd\u65e0\u5e95\u8272 *\/<br \/>\n    padding:20px 20px 16px; \/* \u4f18\u5316\u95f4\u8ddd\uff0c\u66f4\u900f\u6c14 *\/<br \/>\n    font-weight:600;<br \/>\n    font-size:16px; \/* \u6807\u9898\u5b57\u53f7\u5fae\u5347\uff0c\u7a81\u51fa\u5c42\u7ea7 *\/<br \/>\n    color:#1f1f1f; \/* \u66f4\u6df1\u7684\u6587\u5b57\u8272\uff0c\u63d0\u5347\u5bf9\u6bd4 *\/<br \/>\n    border-bottom:1px solid rgba(200, 200, 200, 0.4); \/* \u66f4\u7ec6\u817b\u7684\u4e0b\u5212\u7ebf\uff0c\u964d\u4f4e\u900f\u660e\u5ea6 *\/<br \/>\n    letter-spacing:0.3px; \/* \u6807\u9898\u5b57\u8ddd\u5fae\u8c03 *\/<br \/>\n}<br \/>\n\/* \u5185\u5bb9\u884c\uff1a\u65e0\u5e95\u8272+\u6e10\u53d8\u4e0b\u5212\u7ebf+\u4e1d\u6ed1\u8fc7\u6e21\uff08\u65e0\u9634\u5f71\uff09 *\/<br \/>\n.spec-table tr:not(.title){<br \/>\n    border-bottom:1px solid rgba(210, 210, 210, 0.3); \/* \u66f4\u6de1\u7684\u57fa\u7840\u4e0b\u5212\u7ebf *\/<br \/>\n    transition: all 0.4s cubic-bezier(0.16, 1, 0.3, 1); \/* \u66f4\u4e1d\u6ed1\u7684\u8fc7\u6e21\u66f2\u7ebf *\/<br \/>\n    background:transparent; \/* \u786e\u4fdd\u884c\u65e0\u5e95\u8272 *\/<br \/>\n}<br \/>\n\/* \u6700\u540e\u4e00\u884c\u4e0b\u5212\u7ebf\u5f3a\u5316\uff0c\u6536\u5c3e\u66f4\u5229\u843d *\/<br \/>\n.spec-table tr:last-child{<br \/>\n    border-bottom:1px solid rgba(200, 200, 200, 0.6); \/* \u7565\u6df1\u7684\u6536\u5c3e\u7ebf *\/<br \/>\n}<br \/>\n\/* \u5355\u5143\u683c\uff1a\u95f4\u8ddd\u4f18\u5316+\u5de6\u5bf9\u9f50+\u7eaf\u900f\u660e+\u4e24\u5217\u5bbd\u5ea6\u5206\u914d\uff08\u9002\u914d\u957f\u53c2\u6570\uff09 *\/<br \/>\n.spec-table td{<br \/>\n    padding:16px 20px; \/* \u66f4\u5927\u7684\u5185\u8fb9\u8ddd\uff0c\u63d0\u5347\u7a7a\u95f4\u611f *\/<br \/>\n    text-align:left;<br \/>\n    vertical-align:middle; \/* \u957f\u53c2\u6570\u5782\u76f4\u5c45\u4e2d\uff0c\u66f4\u534f\u8c03 *\/<br \/>\n    background:transparent; \/* \u5355\u5143\u683c\u7eaf\u900f\u660e *\/<br \/>\n    word-break: break-word; \/* \u957f\u53c2\u6570\u81ea\u52a8\u6362\u884c\uff0c\u907f\u514d\u6ea2\u51fa *\/<br \/>\n}<br \/>\n\/* \u4e24\u5217\u5e03\u5c40\uff1a\u6bd4\u4f8b\u4f18\u5316\uff0c\u9002\u914d\u957f\u6280\u672f\u53c2\u6570\u540d *\/<br \/>\n.spec-table td:first-child{<br \/>\n    width:40%; \/* \u52a0\u5bbd\u5de6\u4fa7\u5217\uff0c\u9002\u914d\u957f\u53c2\u6570\u540d\uff08\u5982Standing screen display size\uff09 *\/<br \/>\n    font-weight:500;<br \/>\n    color:#262626; \/* \u4f18\u5316\u6587\u5b57\u8272\uff0c\u63d0\u5347\u8d28\u611f *\/<br \/>\n}<br \/>\n.spec-table td:last-child{<br \/>\n    width:60%;<br \/>\n    color:#595959; \/* \u6b21\u7ea7\u6587\u5b57\u8272\u66f4\u67d4\u548c *\/<br \/>\n}<br \/>\n\/* hover\u4ea4\u4e92\uff1a\u7cbe\u81f4\u65e0\u9634\u5f71\u6548\u679c\uff0c\u63d0\u5347\u8d28\u611f *\/<br \/>\n.spec-table tr:not(.title):hover{<br \/>\n    transform: translateX(3px); \/* \u66f4\u8f7b\u76c8\u7684\u4f4d\u79fb *\/<br \/>\n    border-bottom-color: rgba(160, 160, 160, 0.5); \/* \u4e0b\u5212\u7ebf\u5fae\u4eae\uff0c\u63d0\u5347\u5c42\u6b21 *\/<br \/>\n    background:transparent !important; \/* \u5f3a\u5236\u79fb\u9664hover\u80cc\u666f *\/<br \/>\n}<br \/>\n.spec-table tr:not(.title):hover td{<br \/>\n    color:#171717; \/* \u6587\u5b57\u8f7b\u5fae\u63d0\u4eae\uff0c\u66f4\u901a\u900f *\/<br \/>\n    background:transparent !important; \/* \u5f3a\u5236\u5355\u5143\u683c\u65e0\u5e95\u8272 *\/<br \/>\n}<br \/>\n\/* \u79fb\u52a8\u7aef\u9002\u914d\uff1a\u4f18\u5316\u95f4\u8ddd\u548c\u5706\u89d2\uff0c\u9002\u914d\u957f\u53c2\u6570\u6362\u884c *\/<br \/>\n@media (max-width: 768px) {<br \/>\n    .spec-container{<br \/>\n        width:98%;<br \/>\n        border-radius:12px; \/* \u79fb\u52a8\u7aef\u5706\u89d2\u9002\u914d *\/<br \/>\n        padding:2px;<br \/>\n    }<br \/>\n    .spec-table td{<br \/>\n        padding:14px 16px;<br \/>\n        font-size:13px;<br \/>\n        line-height:1.7;<br \/>\n    }<br \/>\n    .spec-table .title td{<br \/>\n        padding:16px 16px 12px;<br \/>\n        font-size:15px;<br \/>\n    }<br \/>\n    .spec-table td:first-child{width:35%;} \/* \u79fb\u52a8\u7aef\u5fae\u8c03\u5217\u5bbd *\/<br \/>\n    .spec-table td:last-child{width:65%;}<br \/>\n    .spec-table tr:not(.title):hover{transform: translateX(2px);}<br \/>\n}<br \/>\n<\/style>\n<p>&nbsp;<\/p>\n<table><!-- \u4e3b\u6807\u9898 --><\/p>\n<tbody>\n<tr>\n<td colspan=\"2\">Detalles t\u00e9cnicos<\/td>\n<\/tr>\n<p><!-- \u4e24\u5217\u6280\u672f\u53c2\u6570\u884c\uff08\u5b8c\u6574\u4fdd\u7559+\u6e05\u7406\u5197\u4f59\u5b57\u7b26\uff09 --><\/p>\n<tr>\n<td>Dimensiones del producto<\/td>\n<td>24,53 x 16,33 x 0,99 cm; 1,4 kg<\/td>\n<\/tr>\n<tr>\n<td>Pilas<\/td>\n<td>Se necesitan 1 pilas de pol\u00edmero de litio (incluidas)<\/td>\n<\/tr>\n<tr>\n<td>N\u00famero de modelo del art\u00edculo<\/td>\n<td>U10<\/td>\n<\/tr>\n<tr>\n<td>Serie<\/td>\n<td>SUB10-V<\/td>\n<\/tr>\n<tr>\n<td>Color<\/td>\n<td>Gris<\/td>\n<\/tr>\n<tr>\n<td>Tama\u00f1o de la pantalla<\/td>\n<td>10,1 pulgadas<\/td>\n<\/tr>\n<tr>\n<td>Resoluci\u00f3n de pantalla<\/td>\n<td>1280 x 800 p\u00edxeles<\/td>\n<\/tr>\n<tr>\n<td>Resoluci\u00f3n<\/td>\n<td>800*1200 p\u00edxeles<\/td>\n<\/tr>\n<tr>\n<td>Marca del procesador<\/td>\n<td>ARM<\/td>\n<\/tr>\n<tr>\n<td>Descripci\u00f3n de la tarjeta gr\u00e1fica<\/td>\n<td>Integrado<\/td>\n<\/tr>\n<tr>\n<td>Tipo de conectividad<\/td>\n<td>Bluetooth, Wi-Fi<\/td>\n<\/tr>\n<tr>\n<td>Tipo inal\u00e1mbrico<\/td>\n<td>802.11ax<\/td>\n<\/tr>\n<tr>\n<td>Resoluci\u00f3n de la c\u00e1mara web trasera<\/td>\n<td>8 MP<\/td>\n<\/tr>\n<tr>\n<td>Resoluci\u00f3n de la c\u00e1mara web frontal<\/td>\n<td>5 MP<\/td>\n<\/tr>\n<tr>\n<td>Sistema operativo<\/td>\n<td>Android 15<\/td>\n<\/tr>\n<\/tbody>\n<\/table>\n<p>&nbsp;<\/p>","protected":false},"excerpt":{"rendered":"<p>https:\/\/unforgettableservices.shop\/wp-content\/uploads\/2026\/03\/video_2026-03-04_10-05-09.mp4 &nbsp; Technical Details Product Dimensions 24.53 x 16.33 x 0.99 cm; 1.4 kg Batteries 1 Lithium Polymer batteries required&#8230;.<\/p>","protected":false},"featured_media":13614,"comment_status":"open","ping_status":"closed","template":"","meta":{"_acf_changed":false},"etheme_brands":[],"product_brand":[],"product_cat":[118],"product_tag":[],"class_list":{"0":"post-13613","1":"product","2":"type-product","3":"status-publish","4":"has-post-thumbnail","6":"product_cat-sale-shop","8":"first","9":"instock","10":"shipping-taxable","11":"purchasable","12":"product-type-simple"},"acf":[],"_links":{"self":[{"href":"https:\/\/unforgettableservices.shop\/es\/wp-json\/wp\/v2\/product\/13613","targetHints":{"allow":["GET"]}}],"collection":[{"href":"https:\/\/unforgettableservices.shop\/es\/wp-json\/wp\/v2\/product"}],"about":[{"href":"https:\/\/unforgettableservices.shop\/es\/wp-json\/wp\/v2\/types\/product"}],"replies":[{"embeddable":true,"href":"https:\/\/unforgettableservices.shop\/es\/wp-json\/wp\/v2\/comments?post=13613"}],"version-history":[{"count":6,"href":"https:\/\/unforgettableservices.shop\/es\/wp-json\/wp\/v2\/product\/13613\/revisions"}],"predecessor-version":[{"id":13857,"href":"https:\/\/unforgettableservices.shop\/es\/wp-json\/wp\/v2\/product\/13613\/revisions\/13857"}],"wp:featuredmedia":[{"embeddable":true,"href":"https:\/\/unforgettableservices.shop\/es\/wp-json\/wp\/v2\/media\/13614"}],"wp:attachment":[{"href":"https:\/\/unforgettableservices.shop\/es\/wp-json\/wp\/v2\/media?parent=13613"}],"wp:term":[{"taxonomy":"brand","embeddable":true,"href":"https:\/\/unforgettableservices.shop\/es\/wp-json\/wp\/v2\/etheme_brands?post=13613"},{"taxonomy":"product_brand","embeddable":true,"href":"https:\/\/unforgettableservices.shop\/es\/wp-json\/wp\/v2\/product_brand?post=13613"},{"taxonomy":"product_cat","embeddable":true,"href":"https:\/\/unforgettableservices.shop\/es\/wp-json\/wp\/v2\/product_cat?post=13613"},{"taxonomy":"product_tag","embeddable":true,"href":"https:\/\/unforgettableservices.shop\/es\/wp-json\/wp\/v2\/product_tag?post=13613"}],"curies":[{"name":"wp","href":"https:\/\/api.w.org\/{rel}","templated":true}]}}