{"id":13707,"date":"2026-03-14T08:52:17","date_gmt":"2026-03-14T08:52:17","guid":{"rendered":"https:\/\/unforgettableservices.shop\/?post_type=product&#038;p=13707"},"modified":"2026-04-01T14:09:29","modified_gmt":"2026-04-01T14:09:29","slug":"10-1-android-tablet-8-core-8gb-ram-64gb-storage-with-keyboard-mouse","status":"publish","type":"product","link":"https:\/\/unforgettableservices.shop\/es\/producto\/10-1-android-tablet-8-core-8gb-ram-64gb-storage-with-keyboard-mouse\/","title":{"rendered":"Tableta Android de 10,1\u2033 - 8 n\u00facleos, 8 GB de RAM, 64 GB de almacenamiento con teclado y rat\u00f3n."},"content":{"rendered":"<p><img loading=\"lazy\" decoding=\"async\" src=\"https:\/\/unforgettableservices.shop\/wp-content\/uploads\/2026\/03\/1bcc463d-eccc-4c84-b908-41a3e99d535c.__CR001464600_PT0_SX1464_V1___.jpg\" sizes=\"auto, (max-width: 1464px) 100vw, 1464px\" srcset=\"https:\/\/unforgettableservices.shop\/wp-content\/uploads\/2026\/03\/1bcc463d-eccc-4c84-b908-41a3e99d535c.__CR001464600_PT0_SX1464_V1___.jpg 1464w, https:\/\/unforgettableservices.shop\/wp-content\/uploads\/2026\/03\/1bcc463d-eccc-4c84-b908-41a3e99d535c.__CR001464600_PT0_SX1464_V1___-300x123.jpg 300w, https:\/\/unforgettableservices.shop\/wp-content\/uploads\/2026\/03\/1bcc463d-eccc-4c84-b908-41a3e99d535c.__CR001464600_PT0_SX1464_V1___-1024x420.jpg 1024w, https:\/\/unforgettableservices.shop\/wp-content\/uploads\/2026\/03\/1bcc463d-eccc-4c84-b908-41a3e99d535c.__CR001464600_PT0_SX1464_V1___-768x315.jpg 768w, https:\/\/unforgettableservices.shop\/wp-content\/uploads\/2026\/03\/1bcc463d-eccc-4c84-b908-41a3e99d535c.__CR001464600_PT0_SX1464_V1___-18x7.jpg 18w, https:\/\/unforgettableservices.shop\/wp-content\/uploads\/2026\/03\/1bcc463d-eccc-4c84-b908-41a3e99d535c.__CR001464600_PT0_SX1464_V1___-600x246.jpg 600w, https:\/\/unforgettableservices.shop\/wp-content\/uploads\/2026\/03\/1bcc463d-eccc-4c84-b908-41a3e99d535c.__CR001464600_PT0_SX1464_V1___-1x1.jpg 1w, https:\/\/unforgettableservices.shop\/wp-content\/uploads\/2026\/03\/1bcc463d-eccc-4c84-b908-41a3e99d535c.__CR001464600_PT0_SX1464_V1___-10x4.jpg 10w\" alt=\"\" width=\"1464\" height=\"600\" \/><br \/>\n<img loading=\"lazy\" decoding=\"async\" src=\"https:\/\/unforgettableservices.shop\/wp-content\/uploads\/2026\/03\/4104b403-816f-498a-bc29-eae1876436d0.__CR001464600_PT0_SX1464_V1___.jpg\" sizes=\"auto, (max-width: 1464px) 100vw, 1464px\" srcset=\"https:\/\/unforgettableservices.shop\/wp-content\/uploads\/2026\/03\/4104b403-816f-498a-bc29-eae1876436d0.__CR001464600_PT0_SX1464_V1___.jpg 1464w, https:\/\/unforgettableservices.shop\/wp-content\/uploads\/2026\/03\/4104b403-816f-498a-bc29-eae1876436d0.__CR001464600_PT0_SX1464_V1___-300x123.jpg 300w, https:\/\/unforgettableservices.shop\/wp-content\/uploads\/2026\/03\/4104b403-816f-498a-bc29-eae1876436d0.__CR001464600_PT0_SX1464_V1___-1024x420.jpg 1024w, https:\/\/unforgettableservices.shop\/wp-content\/uploads\/2026\/03\/4104b403-816f-498a-bc29-eae1876436d0.__CR001464600_PT0_SX1464_V1___-768x315.jpg 768w, https:\/\/unforgettableservices.shop\/wp-content\/uploads\/2026\/03\/4104b403-816f-498a-bc29-eae1876436d0.__CR001464600_PT0_SX1464_V1___-18x7.jpg 18w, https:\/\/unforgettableservices.shop\/wp-content\/uploads\/2026\/03\/4104b403-816f-498a-bc29-eae1876436d0.__CR001464600_PT0_SX1464_V1___-600x246.jpg 600w, https:\/\/unforgettableservices.shop\/wp-content\/uploads\/2026\/03\/4104b403-816f-498a-bc29-eae1876436d0.__CR001464600_PT0_SX1464_V1___-1x1.jpg 1w, https:\/\/unforgettableservices.shop\/wp-content\/uploads\/2026\/03\/4104b403-816f-498a-bc29-eae1876436d0.__CR001464600_PT0_SX1464_V1___-10x4.jpg 10w\" alt=\"\" width=\"1464\" height=\"600\" \/><br \/>\n<img loading=\"lazy\" decoding=\"async\" src=\"https:\/\/unforgettableservices.shop\/wp-content\/uploads\/2026\/03\/18b701d9-eb9e-4330-943d-ba5bab31afd7.__CR001464600_PT0_SX1464_V1___.jpg\" sizes=\"auto, (max-width: 1464px) 100vw, 1464px\" srcset=\"https:\/\/unforgettableservices.shop\/wp-content\/uploads\/2026\/03\/18b701d9-eb9e-4330-943d-ba5bab31afd7.__CR001464600_PT0_SX1464_V1___.jpg 1464w, https:\/\/unforgettableservices.shop\/wp-content\/uploads\/2026\/03\/18b701d9-eb9e-4330-943d-ba5bab31afd7.__CR001464600_PT0_SX1464_V1___-300x123.jpg 300w, https:\/\/unforgettableservices.shop\/wp-content\/uploads\/2026\/03\/18b701d9-eb9e-4330-943d-ba5bab31afd7.__CR001464600_PT0_SX1464_V1___-1024x420.jpg 1024w, https:\/\/unforgettableservices.shop\/wp-content\/uploads\/2026\/03\/18b701d9-eb9e-4330-943d-ba5bab31afd7.__CR001464600_PT0_SX1464_V1___-768x315.jpg 768w, https:\/\/unforgettableservices.shop\/wp-content\/uploads\/2026\/03\/18b701d9-eb9e-4330-943d-ba5bab31afd7.__CR001464600_PT0_SX1464_V1___-18x7.jpg 18w, https:\/\/unforgettableservices.shop\/wp-content\/uploads\/2026\/03\/18b701d9-eb9e-4330-943d-ba5bab31afd7.__CR001464600_PT0_SX1464_V1___-600x246.jpg 600w, https:\/\/unforgettableservices.shop\/wp-content\/uploads\/2026\/03\/18b701d9-eb9e-4330-943d-ba5bab31afd7.__CR001464600_PT0_SX1464_V1___-1x1.jpg 1w, https:\/\/unforgettableservices.shop\/wp-content\/uploads\/2026\/03\/18b701d9-eb9e-4330-943d-ba5bab31afd7.__CR001464600_PT0_SX1464_V1___-10x4.jpg 10w\" alt=\"\" width=\"1464\" height=\"600\" \/><br \/>\n<img loading=\"lazy\" decoding=\"async\" src=\"https:\/\/unforgettableservices.shop\/wp-content\/uploads\/2026\/03\/8b7140d0-4bb8-4fc4-b7b6-bc0003a6a98b.__CR001464600_PT0_SX1464_V1___.jpg\" sizes=\"auto, (max-width: 1464px) 100vw, 1464px\" srcset=\"https:\/\/unforgettableservices.shop\/wp-content\/uploads\/2026\/03\/8b7140d0-4bb8-4fc4-b7b6-bc0003a6a98b.__CR001464600_PT0_SX1464_V1___.jpg 1464w, https:\/\/unforgettableservices.shop\/wp-content\/uploads\/2026\/03\/8b7140d0-4bb8-4fc4-b7b6-bc0003a6a98b.__CR001464600_PT0_SX1464_V1___-300x123.jpg 300w, https:\/\/unforgettableservices.shop\/wp-content\/uploads\/2026\/03\/8b7140d0-4bb8-4fc4-b7b6-bc0003a6a98b.__CR001464600_PT0_SX1464_V1___-1024x420.jpg 1024w, https:\/\/unforgettableservices.shop\/wp-content\/uploads\/2026\/03\/8b7140d0-4bb8-4fc4-b7b6-bc0003a6a98b.__CR001464600_PT0_SX1464_V1___-768x315.jpg 768w, https:\/\/unforgettableservices.shop\/wp-content\/uploads\/2026\/03\/8b7140d0-4bb8-4fc4-b7b6-bc0003a6a98b.__CR001464600_PT0_SX1464_V1___-18x7.jpg 18w, https:\/\/unforgettableservices.shop\/wp-content\/uploads\/2026\/03\/8b7140d0-4bb8-4fc4-b7b6-bc0003a6a98b.__CR001464600_PT0_SX1464_V1___-600x246.jpg 600w, https:\/\/unforgettableservices.shop\/wp-content\/uploads\/2026\/03\/8b7140d0-4bb8-4fc4-b7b6-bc0003a6a98b.__CR001464600_PT0_SX1464_V1___-1x1.jpg 1w, https:\/\/unforgettableservices.shop\/wp-content\/uploads\/2026\/03\/8b7140d0-4bb8-4fc4-b7b6-bc0003a6a98b.__CR001464600_PT0_SX1464_V1___-10x4.jpg 10w\" alt=\"\" width=\"1464\" height=\"600\" \/><br \/>\n<img loading=\"lazy\" decoding=\"async\" src=\"https:\/\/unforgettableservices.shop\/wp-content\/uploads\/2026\/03\/fb8b067a-c066-491b-9a7e-e1bcbec65102.__CR001464600_PT0_SX1464_V1___.jpg\" sizes=\"auto, (max-width: 1464px) 100vw, 1464px\" srcset=\"https:\/\/unforgettableservices.shop\/wp-content\/uploads\/2026\/03\/fb8b067a-c066-491b-9a7e-e1bcbec65102.__CR001464600_PT0_SX1464_V1___.jpg 1464w, https:\/\/unforgettableservices.shop\/wp-content\/uploads\/2026\/03\/fb8b067a-c066-491b-9a7e-e1bcbec65102.__CR001464600_PT0_SX1464_V1___-300x123.jpg 300w, https:\/\/unforgettableservices.shop\/wp-content\/uploads\/2026\/03\/fb8b067a-c066-491b-9a7e-e1bcbec65102.__CR001464600_PT0_SX1464_V1___-1024x420.jpg 1024w, https:\/\/unforgettableservices.shop\/wp-content\/uploads\/2026\/03\/fb8b067a-c066-491b-9a7e-e1bcbec65102.__CR001464600_PT0_SX1464_V1___-768x315.jpg 768w, https:\/\/unforgettableservices.shop\/wp-content\/uploads\/2026\/03\/fb8b067a-c066-491b-9a7e-e1bcbec65102.__CR001464600_PT0_SX1464_V1___-18x7.jpg 18w, https:\/\/unforgettableservices.shop\/wp-content\/uploads\/2026\/03\/fb8b067a-c066-491b-9a7e-e1bcbec65102.__CR001464600_PT0_SX1464_V1___-600x246.jpg 600w, https:\/\/unforgettableservices.shop\/wp-content\/uploads\/2026\/03\/fb8b067a-c066-491b-9a7e-e1bcbec65102.__CR001464600_PT0_SX1464_V1___-1x1.jpg 1w, https:\/\/unforgettableservices.shop\/wp-content\/uploads\/2026\/03\/fb8b067a-c066-491b-9a7e-e1bcbec65102.__CR001464600_PT0_SX1464_V1___-10x4.jpg 10w\" alt=\"\" width=\"1464\" height=\"600\" \/><\/p>\n<style>\n        \/* \u6781\u7b80\u91cd\u7f6e + \u82f1\u5f0f\u98ce\u683c \u2014 \u4ec5\u4f5c\u7528\u4e8e\u5361\u7247\u5185\uff0c\u4e0d\u5f71\u54cd\u5916\u90e8 *\/<br \/>        .product-card {<br \/>            max-width: 880px;<br \/>            width: 100%;<br \/>            background: #ffffff;<br \/>            border-radius: 26px;<br \/>            box-shadow: 0 18px 36px -14px rgba(18, 40, 55, 0.18);<br \/>            padding: 2.2rem 2.4rem 2.6rem 2.4rem;<br \/>            isolation: isolate;<br \/>        }<br \/>        \/* \u6807\u9898\u533a\u57df *\/<br \/>        .product-card .header {<br \/>            margin-bottom: 2rem;<br \/>        }<br \/>        .product-card .header h1 {<br \/>            font-weight: 480;<br \/>            font-size: 2rem;<br \/>            color: #14303e;<br \/>            border-left: 6px solid #a6bdd2;<br \/>            padding-left: 1.2rem;<br \/>            letter-spacing: -0.01em;<br \/>            line-height: 1.2;<br \/>        }<br \/>        \/* \u526f\u6807\u9898\/\u6298\u53e0\u63d0\u793a\u884c \u2014 \u4e5f\u4fdd\u7559\u4e0b\u5212\u7ebf\uff0c\u8d2f\u7a7f\u5de6\u53f3 *\/<br \/>        .product-card .sub-header {<br \/>            display: grid;<br \/>            grid-template-columns: 1fr 1fr;  \/* \u4e24\u5217\u7b49\u5bbd\uff0c\u5b8c\u5168\u9760\u5de6 *\/<br \/>            gap: 0;<br \/>            width: 100%;<br \/>        }<br \/>        .product-card .sub-cell {<br \/>            border-bottom: 2px solid #d7e0e8;<br \/>            padding: 1rem 0 0.9rem 0;<br \/>            font-size: 1.1rem;<br \/>            display: flex;<br \/>            align-items: center;<br \/>            word-break: break-word;<br \/>            min-height: 68px;<br \/>        }<br \/>        \/* \u5de6\u4fa7\u5c5e\u6027\u6837\u5f0f *\/<br \/>        .product-card .attr-light {<br \/>            font-weight: 520;<br \/>            color: #163946;<br \/>            padding-right: 1rem;<br \/>            text-align: left;<br \/>        }<br \/>        \/* \u53f3\u4fa7\u6570\u503c\u6837\u5f0f *\/<br \/>        .product-card .value-light {<br \/>            font-weight: 400;<br \/>            color: #235062;<br \/>            padding-left: 1rem;<br \/>            text-align: left;<br \/>        }<br \/>        \/* \u4e3b\u8981\u6570\u636e\u7f51\u683c \u2014 \u4e24\u5217 *\/<br \/>        .product-card .spec-grid {<br \/>            display: grid;<br \/>            grid-template-columns: minmax(180px, 1.2fr) minmax(200px, 2fr);<br \/>            gap: 0;<br \/>            width: 100%;<br \/>        }<br \/>        \/* \u6570\u636e\u5355\u5143\u683c\u7edf\u4e00\u4e0b\u8fb9\u6846 *\/<br \/>        .product-card .spec-cell {<br \/>            border-bottom: 2px solid #d7e0e8;<br \/>            padding: 1rem 0 0.9rem 0;<br \/>            font-size: 1.05rem;<br \/>            display: flex;<br \/>            align-items: center;<br \/>            word-break: break-word;<br \/>            line-height: 1.45;<br \/>            min-height: 68px;<br \/>        }<br \/>        .product-card .spec-attr {<br \/>            font-weight: 530;<br \/>            color: #163946;<br \/>            padding-right: 1rem;<br \/>            text-align: left;<br \/>        }<br \/>        .product-card .spec-value {<br \/>            font-weight: 400;<br \/>            color: #235062;<br \/>            padding-left: 1rem;<br \/>            text-align: left;<br \/>        }<br \/>        \/* \u811a\u6ce8\u88c5\u9970\uff0c\u4e0d\u5f71\u54cd\u8d2f\u7a7f\u7ebf *\/<br \/>        .product-card .footer-note {<br \/>            margin-top: 2.8rem;<br \/>            border-top: 1px dashed #c0d2e2;<br \/>            padding-top: 1.3rem;<br \/>            font-size: 0.86rem;<br \/>            color: #5f809b;<br \/>            display: flex;<br \/>            justify-content: space-between;<br \/>            align-items: center;<br \/>        }<br \/>        .product-card .footer-note span:last-child {<br \/>            background: #e8f0f8;<br \/>            padding: 0.25rem 1rem;<br \/>            border-radius: 40px;<br \/>            font-family: monospace;<br \/>            color: #1f5a7a;<br \/>        }<br \/>        \/* \u7a84\u5c4f\u9002\u914d *\/<br \/>        @media (max-width: 600px) {<br \/>            .product-card { padding: 1.5rem; }<br \/>            .product-card .spec-grid {<br \/>                grid-template-columns: 1.2fr 1.8fr;<br \/>            }<br \/>            .product-card .spec-cell,<br \/>            .product-card .sub-cell {<br \/>                font-size: 0.96rem;<br \/>                padding: 0.9rem 0 0.8rem 0;<br \/>            }<br \/>        }<br \/>    <\/style>\n<p>&nbsp;<\/p>\n<h1>Informaci\u00f3n sobre el producto<\/h1>\n<p><!-- \u7b2c\u4e00\u884c\uff1aTechnical Details \/ Collapse all (\u4e24\u5217\uff0c\u5b8c\u5168\u9760\u5de6\uff0c\u8d2f\u7a7f\u4e0b\u5212\u7ebf) --><br \/>\nDetalles t\u00e9cnicos<br \/>\nContraer todo<br \/>\n<!-- \u7b2c\u4e8c\u884c\uff1aSummary \/ (\u53f3\u5217\u7559\u7a7a\u4f46\u4fdd\u7559\u5355\u5143\u683c\uff0c\u4fdd\u8bc1\u8d2f\u7a7f\u7ebf\u5b8c\u6574) \u6ce8\u610f\uff1a\u53f3\u5217\u653e\u4e00\u4e2a\u5360\u4f4d\u7b26\u201c\u2014\u201d\u6216\u7559\u7a7a\uff1f\u6839\u636e\u8981\u6c42\u5168\u90e8\u9760\u5de6\uff0c\u7559\u7a7a\u4e5f\u4fdd\u6301\u7ed3\u6784\u3002\u6b64\u5904\u653e\u4e00\u4e2a\u4e0d\u53ef\u89c1\u5360\u4f4d\u4fdd\u8bc1\u8fb9\u6846\u5b58\u5728\u3002\u4f46\u66f4\u597d\u653e\u4e00\u4e2a\u201c\u2013\u201d\u8868\u793a\u65e0\u503c\uff0c\u4f46\u4ecd\u8d2f\u7a7f --><br \/>\nResumen<br \/>\n\u2013<br \/>\n<!-- \u6570\u636e\u7f51\u683c\uff1a\u4ece Standing screen display size \u5f00\u59cb\uff0c\u517110\u884c --><br \/>\n<!-- 1. Standing screen display size --><br \/>\nTama\u00f1o de la pantalla<br \/>\n10,1 pulgadas<br \/>\n<!-- 2. Screen Resolution --><br \/>\nResoluci\u00f3n de pantalla<br \/>\n1280 x 800 p\u00edxeles<br \/>\n<!-- 3. Max Screen Resolution --><br \/>\nResoluci\u00f3n m\u00e1xima de pantalla<br \/>\n1280*800 p\u00edxeles<br \/>\n<!-- 4. Processor --><br \/>\nProcesador<br \/>\n2 GHz<br \/>\n<!-- 5. RAM --><br \/>\nRAM<br \/>\n22 GB<br \/>\n<!-- 6. Graphics Coprocessor --><br \/>\nCoprocesador gr\u00e1fico<br \/>\nMal\u00ed-G57<br \/>\n<!-- 7. Chipset Brand --><br \/>\nMarca del chipset<br \/>\nARM<br \/>\n<!-- 8. Card Description --><br \/>\nDescripci\u00f3n de la tarjeta<br \/>\nIntegrado<br \/>\n<!-- 9. Wireless Type (\u8f83\u957f\u7684\u6587\u672c) --><br \/>\nTipo inal\u00e1mbrico<br \/>\n802.11a, 802.11ac, 802.11b, 802.11g, 802.11n<br \/>\n<!-- 10. Average Battery Life (in hours) --><br \/>\nDuraci\u00f3n media de la bater\u00eda (en horas)<br \/>\n8 horas<br \/>\n<!-- \u5916\u90e8\u9694\u79bb\u6807\u8bb0\uff1a\u8bc1\u660e\u5361\u7247\u6837\u5f0f\u4e0d\u5f71\u54cd\u5176\u4ed6\u5143\u7d20 --><br \/>\n\u2e3b \u5916\u90e8\u5143\u7d20\u4e0d\u53d7\u5361\u7247\u5f71\u54cd \u2e3b<\/p>","protected":false},"excerpt":{"rendered":"<h1 class=\"a-size-base-plus a-text-bold\">Acerca de este art\u00edculo<\/h1>\n<ul class=\"a-unordered-list a-vertical a-spacing-mini\">\n<li class=\"a-spacing-mini\">\n<p class=\"ds-markdown-paragraph\"><strong>Nueva configuraci\u00f3n:<\/strong>\u00a0Esta tableta de 10,1 pulgadas ejecuta el \u00faltimo Android 14 con un procesador octa-core de 2,0 GHz, que potencia la multitarea y la velocidad general para un rendimiento m\u00e1s fluido.<\/p>\n<p class=\"ds-markdown-paragraph\"><strong>Aumento del rendimiento:<\/strong>\u00a0Con 128 GB de ROM + 22 GB de RAM (6+16) y soporte para expansi\u00f3n de hasta 1 TB, maneja aplicaciones como Netflix, Facebook y YouTube con facilidad. La certificaci\u00f3n Widevine L1 garantiza la fluidez del streaming, los juegos y el uso ofim\u00e1tico.<\/p>\n<p class=\"ds-markdown-paragraph\"><strong>Actualizaci\u00f3n de la bater\u00eda:<\/strong>\u00a0La bater\u00eda integrada de 8000 mAh ofrece hasta 8 horas de reproducci\u00f3n de v\u00eddeo o 5 horas de juego, lo que resulta perfecto para el entretenimiento y la navegaci\u00f3n prolongados.<\/p>\n<p class=\"ds-markdown-paragraph\"><strong>Dise\u00f1o elegante:<\/strong>\u00a0Presenta un elegante cuerpo met\u00e1lico con perfil de bordes rectos y c\u00e1maras estelares (5 MP + 8 MP). La pantalla LCD de 1280\u00d7800 filtra la luz azul da\u00f1ina para reducir la fatiga ocular y mantener la nitidez visual.<\/p>\n<p class=\"ds-markdown-paragraph\"><strong>Port\u00e1til y pr\u00e1ctico:<\/strong>\u00a0Con teclado y rat\u00f3n, se transforma f\u00e1cilmente en un port\u00e1til ligero para trabajar, estudiar o entretenerse sobre la marcha.<\/p>\n<\/li>\n<\/ul>","protected":false},"featured_media":13708,"comment_status":"open","ping_status":"closed","template":"","meta":{"_acf_changed":false},"etheme_brands":[],"product_brand":[],"product_cat":[118],"product_tag":[],"class_list":{"0":"post-13707","1":"product","2":"type-product","3":"status-publish","4":"has-post-thumbnail","6":"product_cat-sale-shop","8":"first","9":"instock","10":"shipping-taxable","11":"purchasable","12":"product-type-simple"},"acf":[],"_links":{"self":[{"href":"https:\/\/unforgettableservices.shop\/es\/wp-json\/wp\/v2\/product\/13707","targetHints":{"allow":["GET"]}}],"collection":[{"href":"https:\/\/unforgettableservices.shop\/es\/wp-json\/wp\/v2\/product"}],"about":[{"href":"https:\/\/unforgettableservices.shop\/es\/wp-json\/wp\/v2\/types\/product"}],"replies":[{"embeddable":true,"href":"https:\/\/unforgettableservices.shop\/es\/wp-json\/wp\/v2\/comments?post=13707"}],"version-history":[{"count":7,"href":"https:\/\/unforgettableservices.shop\/es\/wp-json\/wp\/v2\/product\/13707\/revisions"}],"predecessor-version":[{"id":13854,"href":"https:\/\/unforgettableservices.shop\/es\/wp-json\/wp\/v2\/product\/13707\/revisions\/13854"}],"wp:featuredmedia":[{"embeddable":true,"href":"https:\/\/unforgettableservices.shop\/es\/wp-json\/wp\/v2\/media\/13708"}],"wp:attachment":[{"href":"https:\/\/unforgettableservices.shop\/es\/wp-json\/wp\/v2\/media?parent=13707"}],"wp:term":[{"taxonomy":"brand","embeddable":true,"href":"https:\/\/unforgettableservices.shop\/es\/wp-json\/wp\/v2\/etheme_brands?post=13707"},{"taxonomy":"product_brand","embeddable":true,"href":"https:\/\/unforgettableservices.shop\/es\/wp-json\/wp\/v2\/product_brand?post=13707"},{"taxonomy":"product_cat","embeddable":true,"href":"https:\/\/unforgettableservices.shop\/es\/wp-json\/wp\/v2\/product_cat?post=13707"},{"taxonomy":"product_tag","embeddable":true,"href":"https:\/\/unforgettableservices.shop\/es\/wp-json\/wp\/v2\/product_tag?post=13707"}],"curies":[{"name":"wp","href":"https:\/\/api.w.org\/{rel}","templated":true}]}}